{"id":649,"date":"2025-12-17T14:59:43","date_gmt":"2025-12-17T13:59:43","guid":{"rendered":"https:\/\/buzz4job.be\/proforma\/?page_id=649"},"modified":"2025-12-17T14:59:43","modified_gmt":"2025-12-17T13:59:43","slug":"citoyennete-en-intensif","status":"publish","type":"page","link":"https:\/\/buzz4job.be\/proforma\/citoyennete-en-intensif\/","title":{"rendered":"Citoyennet\u00e9 en intensif"},"content":{"rendered":"<h2><strong>Objectifs<\/strong><\/h2>\n<hr \/>\n<p>Il s\u2019agit d\u2019une formation <strong>intensive<\/strong> comprenant les 60h de formation \u00e0 la citoyennet\u00e9 requises pour le parcours d\u2019int\u00e9gration. Le projet offre un cadre didactique, pr\u00f4nant la diversification des approches m\u00e9thodologiques, adapt\u00e9es \u00e0 chacun, au profit de l\u2019apprentissage des diff\u00e9rents contenus du curriculum.<\/p>\n<h2><strong>Public cible<\/strong><\/h2>\n<hr \/>\n<p>Notre formation s\u2019adresse \u00e0 des personnes d\u2019origine \u00e9trang\u00e8re ( niveau A2 en fran\u00e7ais)\u00a0 qui ont \u00e9t\u00e9 scolaris\u00e9es, qui maitrisent l\u2019alphabet latin et la lecture \u00e0 un niveau basique. Nous formons un groupe de 15 stagiaires.<\/p>\n<h2><strong>Informations utiles<\/strong><\/h2>\n<hr \/>\n<ul>\n<li>Du 19\/3 au 31\/3\/2026<\/li>\n<li>Du 18\/6 au 30\/6\/2026<\/li>\n<li>60h, 4 jours par semaine de 8h30 \u00e0 17h.<\/li>\n<\/ul>\n<p style=\"text-align: center;\"><strong>Inscription obligatoire \u00e0 un rendez-vous au 04 224 96 00.<\/strong><\/p>\n<h2><strong>Partenariat<\/strong><\/h2>\n<hr \/>\n<p>Formation organis\u00e9e en partenariat avec le <strong>Cripel dans le cadre des Initiatives Locales d\u2019Int\u00e9gration avec le soutien de la Wallonie.<\/strong><img decoding=\"async\" loading=\"lazy\" class=\"alignnone wp-image-48\" src=\"https:\/\/buzz4job.be\/proforma\/wp-content\/uploads\/2018\/03\/Wallonie-SPW-300x159.png\" alt=\"\" width=\"202\" height=\"107\" srcset=\"https:\/\/buzz4job.be\/proforma\/wp-content\/uploads\/2018\/03\/Wallonie-SPW-300x159.png 300w, https:\/\/buzz4job.be\/proforma\/wp-content\/uploads\/2018\/03\/Wallonie-SPW.png 482w\" sizes=\"(max-width: 202px) 100vw, 202px\" \/><img decoding=\"async\" loading=\"lazy\" class=\"size-medium wp-image-44 alignleft\" src=\"https:\/\/buzz4job.be\/proforma\/wp-content\/uploads\/2018\/03\/Cripel-300x121.jpg\" alt=\"\" width=\"300\" height=\"121\" srcset=\"https:\/\/buzz4job.be\/proforma\/wp-content\/uploads\/2018\/03\/Cripel-300x121.jpg 300w, https:\/\/buzz4job.be\/proforma\/wp-content\/uploads\/2018\/03\/Cripel-768x309.jpg 768w, https:\/\/buzz4job.be\/proforma\/wp-content\/uploads\/2018\/03\/Cripel-1024x413.jpg 1024w, https:\/\/buzz4job.be\/proforma\/wp-content\/uploads\/2018\/03\/Cripel.jpg 1824w\" sizes=\"(max-width: 300px) 100vw, 300px\" \/><\/p>\n<h2><strong>Inscription<\/strong><\/h2>\n<hr \/>\n<div role=\"form\" class=\"wpcf7\" id=\"wpcf7-f86-o1\" lang=\"fr-FR\" dir=\"ltr\">\n<div class=\"screen-reader-response\"><\/div>\n<form action=\"\/proforma\/wp-json\/wp\/v2\/pages\/649#wpcf7-f86-o1\" method=\"post\" class=\"wpcf7-form\" novalidate=\"novalidate\">\n<div style=\"display: none;\">\n<input type=\"hidden\" name=\"_wpcf7\" value=\"86\" \/>\n<input type=\"hidden\" name=\"_wpcf7_version\" value=\"5.0.4\" \/>\n<input type=\"hidden\" name=\"_wpcf7_locale\" value=\"fr_FR\" \/>\n<input type=\"hidden\" name=\"_wpcf7_unit_tag\" value=\"wpcf7-f86-o1\" \/>\n<input type=\"hidden\" name=\"_wpcf7_container_post\" value=\"0\" \/>\n<\/div>\n<p><label> Votre nom (obligatoire)<br \/>\n    <span class=\"wpcf7-form-control-wrap your-name\"><input type=\"text\" name=\"your-name\" value=\"\" size=\"40\" class=\"wpcf7-form-control wpcf7-text wpcf7-validates-as-required\" aria-required=\"true\" aria-invalid=\"false\" \/><\/span> <\/label><\/p>\n<p><label> Votre adresse de messagerie (obligatoire)<br \/>\n    <span class=\"wpcf7-form-control-wrap your-email\"><input type=\"email\" name=\"your-email\" value=\"\" size=\"40\" class=\"wpcf7-form-control wpcf7-text wpcf7-email wpcf7-validates-as-required wpcf7-validates-as-email\" aria-required=\"true\" aria-invalid=\"false\" \/><\/span> <\/label><\/p>\n<p><label> Objet<br \/>\n    <span class=\"wpcf7-form-control-wrap your-subject\"><input type=\"text\" name=\"your-subject\" value=\"\" size=\"40\" class=\"wpcf7-form-control wpcf7-text\" aria-invalid=\"false\" \/><\/span> <\/label><\/p>\n<p><label> Votre message<br \/>\n    <span class=\"wpcf7-form-control-wrap your-message\"><textarea name=\"your-message\" cols=\"40\" rows=\"10\" class=\"wpcf7-form-control wpcf7-textarea\" aria-invalid=\"false\"><\/textarea><\/span> <\/label><\/p>\n<div class=\"wpcf7-form-control-wrap\"><div data-sitekey=\"6LdVq5gUAAAAAHgsSoe936KqWOxGmjXLWtbX7Ukf\" class=\"wpcf7-form-control g-recaptcha wpcf7-recaptcha\"><\/div>\n<noscript>\n\t<div style=\"width: 302px; height: 422px;\">\n\t\t<div style=\"width: 302px; height: 422px; position: relative;\">\n\t\t\t<div style=\"width: 302px; height: 422px; position: absolute;\">\n\t\t\t\t<iframe src=\"https:\/\/www.google.com\/recaptcha\/api\/fallback?k=6LdVq5gUAAAAAHgsSoe936KqWOxGmjXLWtbX7Ukf\" frameborder=\"0\" scrolling=\"no\" style=\"width: 302px; height:422px; border-style: none;\">\n\t\t\t\t<\/iframe>\n\t\t\t<\/div>\n\t\t\t<div style=\"width: 300px; height: 60px; border-style: none; bottom: 12px; left: 25px; margin: 0px; padding: 0px; right: 25px; background: #f9f9f9; border: 1px solid #c1c1c1; border-radius: 3px;\">\n\t\t\t\t<textarea id=\"g-recaptcha-response\" name=\"g-recaptcha-response\" class=\"g-recaptcha-response\" style=\"width: 250px; height: 40px; border: 1px solid #c1c1c1; margin: 10px 25px; padding: 0px; resize: none;\">\n\t\t\t\t<\/textarea>\n\t\t\t<\/div>\n\t\t<\/div>\n\t<\/div>\n<\/noscript>\n<\/div>\n<p><input type=\"submit\" value=\"Envoyer\" class=\"wpcf7-form-control wpcf7-submit\" \/><\/p>\n<p style=\"display: none !important;\" class=\"akismet-fields-container\" data-prefix=\"_wpcf7_ak_\"><label>&#916;<textarea name=\"_wpcf7_ak_hp_textarea\" cols=\"45\" rows=\"8\" maxlength=\"100\"><\/textarea><\/label><input type=\"hidden\" id=\"ak_js_1\" name=\"_wpcf7_ak_js\" value=\"172\"\/><script>document.getElementById( \"ak_js_1\" ).setAttribute( \"value\", ( new Date() ).getTime() );<\/script><\/p><div class=\"wpcf7-response-output wpcf7-display-none\"><\/div><\/form><\/div>\n","protected":false},"excerpt":{"rendered":"<p>Objectifs Il s\u2019agit d\u2019une formation intensive comprenant les 60h de formation \u00e0 la citoyennet\u00e9 requises pour le parcours d\u2019int\u00e9gration. Le projet offre un cadre didactique, pr\u00f4nant la diversification des approches m\u00e9thodologiques, adapt\u00e9es \u00e0 chacun, au profit de l\u2019apprentissage des diff\u00e9rents contenus du curriculum. Public cible Notre formation s\u2019adresse \u00e0 des personnes d\u2019origine \u00e9trang\u00e8re ( niveau &hellip; <\/p>\n<p class=\"link-more\"><a href=\"https:\/\/buzz4job.be\/proforma\/citoyennete-en-intensif\/\" class=\"more-link\">Continuer la lecture<span class=\"screen-reader-text\"> de &laquo;&nbsp;Citoyennet\u00e9 en intensif&nbsp;&raquo;<\/span><\/a><\/p>\n","protected":false},"author":1,"featured_media":0,"parent":0,"menu_order":0,"comment_status":"closed","ping_status":"closed","template":"","meta":[],"_links":{"self":[{"href":"https:\/\/buzz4job.be\/proforma\/wp-json\/wp\/v2\/pages\/649"}],"collection":[{"href":"https:\/\/buzz4job.be\/proforma\/wp-json\/wp\/v2\/pages"}],"about":[{"href":"https:\/\/buzz4job.be\/proforma\/wp-json\/wp\/v2\/types\/page"}],"author":[{"embeddable":true,"href":"https:\/\/buzz4job.be\/proforma\/wp-json\/wp\/v2\/users\/1"}],"replies":[{"embeddable":true,"href":"https:\/\/buzz4job.be\/proforma\/wp-json\/wp\/v2\/comments?post=649"}],"version-history":[{"count":5,"href":"https:\/\/buzz4job.be\/proforma\/wp-json\/wp\/v2\/pages\/649\/revisions"}],"predecessor-version":[{"id":701,"href":"https:\/\/buzz4job.be\/proforma\/wp-json\/wp\/v2\/pages\/649\/revisions\/701"}],"wp:attachment":[{"href":"https:\/\/buzz4job.be\/proforma\/wp-json\/wp\/v2\/media?parent=649"}],"curies":[{"name":"wp","href":"https:\/\/api.w.org\/{rel}","templated":true}]}}