{"id":57,"date":"2025-06-05T10:49:26","date_gmt":"2025-06-05T08:49:26","guid":{"rendered":"http:\/\/buzz4job.be\/proforma\/?page_id=57"},"modified":"2025-06-05T12:36:31","modified_gmt":"2025-06-05T10:36:31","slug":"le-projet-citoyen-au-service-du-parcours-dintegration","status":"publish","type":"page","link":"https:\/\/buzz4job.be\/proforma\/le-projet-citoyen-au-service-du-parcours-dintegration\/","title":{"rendered":"Le projet citoyen au service du parcours d&rsquo;int\u00e9gration"},"content":{"rendered":"<h2>Objectifs<\/h2>\n<p>Au terme de la formation, les stagiaires :<\/p>\n<ul>\n<li>auront am\u00e9lior\u00e9 leur communication en fran\u00e7ais, par un travail continu sur les 5 comp\u00e9tences d\u00e9finies par le CECR (lire, \u00e9crire, \u00e9couter, parler, prendre part \u00e0 une conversation).<\/li>\n<li>auront acquis des comp\u00e9tences en informatique, comme outil d\u2019apprentissage mais aussi facilitateur d\u2019int\u00e9gration sociale et professionnelle.<\/li>\n<\/ul>\n<p>Au travers de la formation \u00e0 la citoyennet\u00e9, ils auront une compr\u00e9hension des codes sociaux et culturels, la connaissance de nos institutions, de la vie quotidienne.<\/p>\n<p>Au terme de la formation, les participants, pourront, gr\u00e2ce au projet citoyen (activit\u00e9, mise en place d\u2019un dispositif citoyen en partenariat avec une association, une \u00e9cole, etc.), rencontrer des citoyens belges, mettre en valeur et en application leurs comp\u00e9tences et faciliter ainsi une int\u00e9gration active.<\/p>\n<p>Gr\u00e2ce \u00e0 l\u2019orientation, ils pourront choisir la formation qualifiante ou profession adapt\u00e9e \u00e0 leur go\u00fbt, \u00e0 leurs objectifs professionnels.<\/p>\n<p>Ils seront pr\u00e9par\u00e9s aux \u00e9preuves de s\u00e9lection ainsi qu\u2019aux entretiens d\u2019embauche.<\/p>\n<p>Ils pourront, par un bilan individuel, v\u00e9rifier l&rsquo;ad\u00e9quation de leur profil en fonction des attentes du monde de l&rsquo;entreprise choisi.<\/p>\n<p>Ils seront pr\u00e9par\u00e9s au mieux aux cours dispens\u00e9s dans la formation qualifiante future car le contenu de notre formation est dense et sans compromission.<\/p>\n<h2>Public cible<\/h2>\n<p>La formation s\u2019adresse aux primo-arrivants ayant une nationalit\u00e9 hors UE et qui se trouvent en s\u00e9jour l\u00e9gal en Belgique, avec une adresse en Wallonie ou \u00e0 Bruxelles. Ces derniers pr\u00e9sentent des difficult\u00e9s dans l\u2019expression orale fran\u00e7aise et veulent y rem\u00e9dier.<\/p>\n<p>Les personnes en demande du statut de r\u00e9fugi\u00e9 (ou en recours pour cette proc\u00e9dure) ou en demande de regroupement familial sont \u00e9ligibles.<\/p>\n<h2>Informations utiles<\/h2>\n<p>50 jours de formation, 4 jours par semaine de 08h30 \u00e0 17h.<br \/>Les frais de d\u00e9placement sont rembours\u00e9s.<\/p>\n<h2>T\u00e9moignages des projets citoyens<\/h2>\n<p>Nos stagiaires relatent leur exp\u00e9rience des rencontres interculturelles sur le blog d\u00e9di\u00e9 \u00e0 nos formations:\u00a0<a href=\"http:\/\/parcours-citoyen.be\/\">http:\/\/parcours-citoyen.be<\/a><\/p>\n<h2>Partenariat<\/h2>\n<p><img decoding=\"async\" loading=\"lazy\" class=\"wp-image-515 alignleft\" src=\"https:\/\/buzz4job.be\/proforma\/wp-content\/uploads\/2023\/11\/embleme_UE-couleur_vertical2023.jpg\" alt=\"\" width=\"202\" height=\"204\" srcset=\"https:\/\/buzz4job.be\/proforma\/wp-content\/uploads\/2023\/11\/embleme_UE-couleur_vertical2023.jpg 910w, https:\/\/buzz4job.be\/proforma\/wp-content\/uploads\/2023\/11\/embleme_UE-couleur_vertical2023-296x300.jpg 296w, https:\/\/buzz4job.be\/proforma\/wp-content\/uploads\/2023\/11\/embleme_UE-couleur_vertical2023-150x150.jpg 150w, https:\/\/buzz4job.be\/proforma\/wp-content\/uploads\/2023\/11\/embleme_UE-couleur_vertical2023-768x778.jpg 768w, https:\/\/buzz4job.be\/proforma\/wp-content\/uploads\/2023\/11\/embleme_UE-couleur_vertical2023-100x100.jpg 100w\" sizes=\"(max-width: 202px) 100vw, 202px\" \/><\/p>\n<p><img decoding=\"async\" loading=\"lazy\" class=\"alignnone  wp-image-44\" src=\"https:\/\/buzz4job.be\/proforma\/wp-content\/uploads\/2018\/03\/Cripel-300x121.jpg\" alt=\"\" width=\"193\" height=\"78\" srcset=\"https:\/\/buzz4job.be\/proforma\/wp-content\/uploads\/2018\/03\/Cripel-300x121.jpg 300w, https:\/\/buzz4job.be\/proforma\/wp-content\/uploads\/2018\/03\/Cripel-768x309.jpg 768w, https:\/\/buzz4job.be\/proforma\/wp-content\/uploads\/2018\/03\/Cripel-1024x413.jpg 1024w, https:\/\/buzz4job.be\/proforma\/wp-content\/uploads\/2018\/03\/Cripel.jpg 1824w\" sizes=\"(max-width: 193px) 100vw, 193px\" \/><\/p>\n<h2>Inscription<\/h2>\n<div role=\"form\" class=\"wpcf7\" id=\"wpcf7-f87-o1\" lang=\"fr-FR\" dir=\"ltr\">\n<div class=\"screen-reader-response\"><\/div>\n<form action=\"\/proforma\/wp-json\/wp\/v2\/pages\/57#wpcf7-f87-o1\" method=\"post\" class=\"wpcf7-form\" novalidate=\"novalidate\">\n<div style=\"display: none;\">\n<input type=\"hidden\" name=\"_wpcf7\" value=\"87\" \/>\n<input type=\"hidden\" name=\"_wpcf7_version\" value=\"5.0.4\" \/>\n<input type=\"hidden\" name=\"_wpcf7_locale\" value=\"fr_FR\" \/>\n<input type=\"hidden\" name=\"_wpcf7_unit_tag\" value=\"wpcf7-f87-o1\" \/>\n<input type=\"hidden\" name=\"_wpcf7_container_post\" value=\"0\" \/>\n<\/div>\n<p><label> Votre nom (obligatoire)<br \/>\n    <span class=\"wpcf7-form-control-wrap your-name\"><input type=\"text\" name=\"your-name\" value=\"\" size=\"40\" class=\"wpcf7-form-control wpcf7-text wpcf7-validates-as-required\" aria-required=\"true\" aria-invalid=\"false\" \/><\/span> <\/label><\/p>\n<p><label> Votre adresse de messagerie (obligatoire)<br \/>\n    <span class=\"wpcf7-form-control-wrap your-email\"><input type=\"email\" name=\"your-email\" value=\"\" size=\"40\" class=\"wpcf7-form-control wpcf7-text wpcf7-email wpcf7-validates-as-required wpcf7-validates-as-email\" aria-required=\"true\" aria-invalid=\"false\" \/><\/span> <\/label><\/p>\n<p><label> Objet<br \/>\n    <span class=\"wpcf7-form-control-wrap your-subject\"><input type=\"text\" name=\"your-subject\" value=\"\" size=\"40\" class=\"wpcf7-form-control wpcf7-text\" aria-invalid=\"false\" \/><\/span> <\/label><\/p>\n<p><label> Votre message<br \/>\n    <span class=\"wpcf7-form-control-wrap your-message\"><textarea name=\"your-message\" cols=\"40\" rows=\"10\" class=\"wpcf7-form-control wpcf7-textarea\" aria-invalid=\"false\"><\/textarea><\/span> <\/label><\/p>\n<div class=\"wpcf7-form-control-wrap\"><div data-sitekey=\"6LdVq5gUAAAAAHgsSoe936KqWOxGmjXLWtbX7Ukf\" class=\"wpcf7-form-control g-recaptcha wpcf7-recaptcha\"><\/div>\n<noscript>\n\t<div style=\"width: 302px; height: 422px;\">\n\t\t<div style=\"width: 302px; height: 422px; position: relative;\">\n\t\t\t<div style=\"width: 302px; height: 422px; position: absolute;\">\n\t\t\t\t<iframe src=\"https:\/\/www.google.com\/recaptcha\/api\/fallback?k=6LdVq5gUAAAAAHgsSoe936KqWOxGmjXLWtbX7Ukf\" frameborder=\"0\" scrolling=\"no\" style=\"width: 302px; height:422px; border-style: none;\">\n\t\t\t\t<\/iframe>\n\t\t\t<\/div>\n\t\t\t<div style=\"width: 300px; height: 60px; border-style: none; bottom: 12px; left: 25px; margin: 0px; padding: 0px; right: 25px; background: #f9f9f9; border: 1px solid #c1c1c1; border-radius: 3px;\">\n\t\t\t\t<textarea id=\"g-recaptcha-response\" name=\"g-recaptcha-response\" class=\"g-recaptcha-response\" style=\"width: 250px; height: 40px; border: 1px solid #c1c1c1; margin: 10px 25px; padding: 0px; resize: none;\">\n\t\t\t\t<\/textarea>\n\t\t\t<\/div>\n\t\t<\/div>\n\t<\/div>\n<\/noscript>\n<\/div>\n<p><input type=\"submit\" value=\"Envoyer\" class=\"wpcf7-form-control wpcf7-submit\" \/><\/p>\n<p style=\"display: none !important;\" class=\"akismet-fields-container\" data-prefix=\"_wpcf7_ak_\"><label>&#916;<textarea name=\"_wpcf7_ak_hp_textarea\" cols=\"45\" rows=\"8\" maxlength=\"100\"><\/textarea><\/label><input type=\"hidden\" id=\"ak_js_1\" name=\"_wpcf7_ak_js\" value=\"54\"\/><script>document.getElementById( \"ak_js_1\" ).setAttribute( \"value\", ( new Date() ).getTime() );<\/script><\/p><div class=\"wpcf7-response-output wpcf7-display-none\"><\/div><\/form><\/div>\n\n\n<figure class=\"wp-block-image size-large is-resized\"><img decoding=\"async\" loading=\"lazy\" src=\"https:\/\/buzz4job.be\/proforma\/wp-content\/uploads\/2025\/01\/Affiche_A3_AMIF-724x1024.png\" alt=\"\" class=\"wp-image-594\" width=\"543\" height=\"768\" srcset=\"https:\/\/buzz4job.be\/proforma\/wp-content\/uploads\/2025\/01\/Affiche_A3_AMIF-724x1024.png 724w, https:\/\/buzz4job.be\/proforma\/wp-content\/uploads\/2025\/01\/Affiche_A3_AMIF-212x300.png 212w, https:\/\/buzz4job.be\/proforma\/wp-content\/uploads\/2025\/01\/Affiche_A3_AMIF-768x1086.png 768w, https:\/\/buzz4job.be\/proforma\/wp-content\/uploads\/2025\/01\/Affiche_A3_AMIF-1086x1536.png 1086w, https:\/\/buzz4job.be\/proforma\/wp-content\/uploads\/2025\/01\/Affiche_A3_AMIF-1448x2048.png 1448w, https:\/\/buzz4job.be\/proforma\/wp-content\/uploads\/2025\/01\/Affiche_A3_AMIF.png 1587w\" sizes=\"(max-width: 543px) 100vw, 543px\" \/><\/figure>\n","protected":false},"excerpt":{"rendered":"<p>Objectifs Au terme de la formation, les stagiaires : auront am\u00e9lior\u00e9 leur communication en fran\u00e7ais, par un travail continu sur les 5 comp\u00e9tences d\u00e9finies par le CECR (lire, \u00e9crire, \u00e9couter, parler, prendre part \u00e0 une conversation). auront acquis des comp\u00e9tences en informatique, comme outil d\u2019apprentissage mais aussi facilitateur d\u2019int\u00e9gration sociale et professionnelle. Au travers de &hellip; <\/p>\n<p class=\"link-more\"><a href=\"https:\/\/buzz4job.be\/proforma\/le-projet-citoyen-au-service-du-parcours-dintegration\/\" class=\"more-link\">Continuer la lecture<span class=\"screen-reader-text\"> de &laquo;&nbsp;Le projet citoyen au service du parcours d&rsquo;int\u00e9gration&nbsp;&raquo;<\/span><\/a><\/p>\n","protected":false},"author":1,"featured_media":0,"parent":0,"menu_order":0,"comment_status":"closed","ping_status":"closed","template":"","meta":[],"_links":{"self":[{"href":"https:\/\/buzz4job.be\/proforma\/wp-json\/wp\/v2\/pages\/57"}],"collection":[{"href":"https:\/\/buzz4job.be\/proforma\/wp-json\/wp\/v2\/pages"}],"about":[{"href":"https:\/\/buzz4job.be\/proforma\/wp-json\/wp\/v2\/types\/page"}],"author":[{"embeddable":true,"href":"https:\/\/buzz4job.be\/proforma\/wp-json\/wp\/v2\/users\/1"}],"replies":[{"embeddable":true,"href":"https:\/\/buzz4job.be\/proforma\/wp-json\/wp\/v2\/comments?post=57"}],"version-history":[{"count":19,"href":"https:\/\/buzz4job.be\/proforma\/wp-json\/wp\/v2\/pages\/57\/revisions"}],"predecessor-version":[{"id":637,"href":"https:\/\/buzz4job.be\/proforma\/wp-json\/wp\/v2\/pages\/57\/revisions\/637"}],"wp:attachment":[{"href":"https:\/\/buzz4job.be\/proforma\/wp-json\/wp\/v2\/media?parent=57"}],"curies":[{"name":"wp","href":"https:\/\/api.w.org\/{rel}","templated":true}]}}