{"id":447,"date":"2023-06-27T12:36:23","date_gmt":"2023-06-27T10:36:23","guid":{"rendered":"http:\/\/buzz4job.be\/proforma\/?page_id=447"},"modified":"2025-09-18T18:00:57","modified_gmt":"2025-09-18T16:00:57","slug":"objectif-numerique","status":"publish","type":"page","link":"https:\/\/buzz4job.be\/proforma\/objectif-numerique\/","title":{"rendered":"Objectif num\u00e9rique"},"content":{"rendered":"<h1>Envie de tester la programmation ?<\/h1>\n<p>Pour commencer, nous vous proposons de d\u00e9marrer avec <a href=\"https:\/\/www.algobot.be\/\">Algobot<\/a> , un petit robot qui doit \u00eatre programm\u00e9 pour accomplir des t\u00e2ches, mais il ne comprend que des instructions \u00e9l\u00e9mentaires, comme tous les ordinateurs. <a href=\"https:\/\/buzz4job.be\/proforma\/wp-content\/uploads\/2023\/07\/Programme_de_la_journee_decouverte_programmation_technifutur_algobot.pdf\">Consignes<\/a><\/p>\n<p>Pour aller plus loin, r\u00e9alisez les d\u00e9fis suivants : <a href=\"https:\/\/buzz4job.be\/proforma\/wp-content\/uploads\/2023\/07\/Programme_de_la_journee_decouverte_programmation_technifutur_defis.pdf\">Les d\u00e9fis et consignes<\/a><\/p>\n<div><\/div>\n<div><\/div>\n<div>Secteur de la programmation : <a href=\"https:\/\/buzz4job.be\/proforma\/wp-content\/uploads\/2025\/09\/Secteur_dev_technifutur_2025_evol-1.pdf\">pr\u00e9sentation<\/a><\/div>\n<div><\/div>\n<div><\/div>\n<div><\/div>\n<div><\/div>\n<div><\/div>\n<div><\/div>\n<div><\/div>\n<div><\/div>\n<div><\/div>\n<div><\/div>\n<div><\/div>\n<p><span style=\"color: #ffffff;\">Corrig\u00e9 : <a style=\"color: #ffffff; text-decoration-color: #ffffff;\" href=\"https:\/\/buzz4job.be\/proforma\/wp-content\/uploads\/2023\/11\/Programme_de_la_journee_decouverte_programmation_technifutur_corrige.pdf\">Corrig\u00e9 des d\u00e9fis<\/a><\/span><\/p>\n","protected":false},"excerpt":{"rendered":"<p>Envie de tester la programmation ? Pour commencer, nous vous proposons de d\u00e9marrer avec Algobot , un petit robot qui doit \u00eatre programm\u00e9 pour accomplir des t\u00e2ches, mais il ne comprend que des instructions \u00e9l\u00e9mentaires, comme tous les ordinateurs. Consignes Pour aller plus loin, r\u00e9alisez les d\u00e9fis suivants : Les d\u00e9fis et consignes Secteur de &hellip; <\/p>\n<p class=\"link-more\"><a href=\"https:\/\/buzz4job.be\/proforma\/objectif-numerique\/\" class=\"more-link\">Continuer la lecture<span class=\"screen-reader-text\"> de &laquo;&nbsp;Objectif num\u00e9rique&nbsp;&raquo;<\/span><\/a><\/p>\n","protected":false},"author":1,"featured_media":0,"parent":0,"menu_order":0,"comment_status":"closed","ping_status":"closed","template":"","meta":[],"_links":{"self":[{"href":"https:\/\/buzz4job.be\/proforma\/wp-json\/wp\/v2\/pages\/447"}],"collection":[{"href":"https:\/\/buzz4job.be\/proforma\/wp-json\/wp\/v2\/pages"}],"about":[{"href":"https:\/\/buzz4job.be\/proforma\/wp-json\/wp\/v2\/types\/page"}],"author":[{"embeddable":true,"href":"https:\/\/buzz4job.be\/proforma\/wp-json\/wp\/v2\/users\/1"}],"replies":[{"embeddable":true,"href":"https:\/\/buzz4job.be\/proforma\/wp-json\/wp\/v2\/comments?post=447"}],"version-history":[{"count":21,"href":"https:\/\/buzz4job.be\/proforma\/wp-json\/wp\/v2\/pages\/447\/revisions"}],"predecessor-version":[{"id":674,"href":"https:\/\/buzz4job.be\/proforma\/wp-json\/wp\/v2\/pages\/447\/revisions\/674"}],"wp:attachment":[{"href":"https:\/\/buzz4job.be\/proforma\/wp-json\/wp\/v2\/media?parent=447"}],"curies":[{"name":"wp","href":"https:\/\/api.w.org\/{rel}","templated":true}]}}