{"id":291,"date":"2025-12-17T15:00:27","date_gmt":"2025-12-17T14:00:27","guid":{"rendered":"http:\/\/buzz4job.be\/proforma\/?page_id=291"},"modified":"2025-12-17T15:00:27","modified_gmt":"2025-12-17T14:00:27","slug":"pmtic-initiation-a-linformatique","status":"publish","type":"page","link":"https:\/\/buzz4job.be\/proforma\/pmtic-initiation-a-linformatique\/","title":{"rendered":"DIGISTART D\u00e9couverte de la programmation"},"content":{"rendered":"\n<figure class=\"wp-block-image size-large is-resized\"><img decoding=\"async\" loading=\"lazy\" src=\"https:\/\/buzz4job.be\/proforma\/wp-content\/uploads\/2025\/02\/DIGISTART_logo-1024x416.jpg\" alt=\"\" class=\"wp-image-609\" width=\"311\" height=\"125\" srcset=\"https:\/\/buzz4job.be\/proforma\/wp-content\/uploads\/2025\/02\/DIGISTART_logo-1024x416.jpg 1024w, https:\/\/buzz4job.be\/proforma\/wp-content\/uploads\/2025\/02\/DIGISTART_logo-300x122.jpg 300w, https:\/\/buzz4job.be\/proforma\/wp-content\/uploads\/2025\/02\/DIGISTART_logo-768x312.jpg 768w, https:\/\/buzz4job.be\/proforma\/wp-content\/uploads\/2025\/02\/DIGISTART_logo-1536x623.jpg 1536w, https:\/\/buzz4job.be\/proforma\/wp-content\/uploads\/2025\/02\/DIGISTART_logo-2048x831.jpg 2048w\" sizes=\"(max-width: 311px) 100vw, 311px\" \/><\/figure>\n\n\n<h2>D\u00e9couverte de la programmation<\/h2>\n<p>Envie de d\u00e9couvrir la programmation pour une orientation \u00e9ventuelle dans ce secteur, en p\u00e9nurie? Envie de d\u00e9velopper vos savoirs informatiques dans un domaine essentiel et impactant tous les m\u00e9tiers?\u00a0 Notre module r\u00e9pond \u00e0 vos d\u00e9sid\u00e9rata.<\/p>\n<p>Au programme: algorithmique, langages de programmation, interpr\u00e9tation et compilation, codage en python pour la pratique, programmation Web: HTML &amp; CSS, conduite de projets et agilit\u00e9, les m\u00e9tiers du d\u00e9veloppement software et fili\u00e8res de formation, m\u00e9thodologie ludique (escape game) et p\u00e9dagogie du projet.<\/p>\n<h2>Public cible<\/h2>\n<p class=\"Normaldossier10-P\">Etre demandeur d\u2019emploi inoccup\u00e9 ou b\u00e9n\u00e9ficiaire du revenu d\u2019int\u00e9gration ou de l\u2019aide sociale et r\u00e9pondre \u00e0 l\u2019<strong>un<\/strong> de ces points :<\/p>\n<p class=\"Normaldossier10-P\">&#8211; \u00eatre demandeur d&#8217;emploi inoccup\u00e9 inscrit au Forem et disposer au maximum du certificat d&rsquo;enseignement secondaire du deuxi\u00e8me degr\u00e9 ou d&rsquo;un titre \u00e9quivalent<br \/>&#8211; avoir \u00e9t\u00e9 demandeur d&#8217;emploi inoccup\u00e9 inscrit au Foremm pendant une p\u00e9riode d&rsquo;inoccupation d&rsquo;au moins dix-huit mois au cours des vingt-quatre mois qui pr\u00e9c\u00e8dent la date de son entr\u00e9e en formation<br \/>&#8211; \u00eatre demandeur d&#8217;emploi inoccup\u00e9 inscrit au Forem et ne pas avoir exerc\u00e9 d&rsquo;activit\u00e9 professionnelle pendant les trois ann\u00e9es pr\u00e9c\u00e9dant l&rsquo;entr\u00e9e en formation ni avoir b\u00e9n\u00e9fici\u00e9 d&rsquo;allocations de ch\u00f4mage ou d&rsquo;insertion au cours de cette m\u00eame p\u00e9riode<br \/>&#8211; \u00eatre un \u00e9tranger qui s\u00e9journe l\u00e9galement sur le territoire belge.<\/p>\n<p>Des d\u00e9rogations sont possibles.<\/p>\n<h2>Informations utiles<\/h2>\n<p class=\"Normal-P\"><span class=\"Normal-H\">Dur\u00e9e de la session : 80 heures au maximum<\/span><\/p>\n<h2>Partenariat<\/h2>\n<p class=\"Normaldossier10-P\"><span class=\"Normaldossier10-H\">Formation organis\u00e9e avec le soutien de la Wallonie<\/span><span class=\"Normaldossier10-H\">.\u00a0<img decoding=\"async\" loading=\"lazy\" class=\"wp-image-293 size-full alignright\" src=\"https:\/\/buzz4job.be\/proforma\/wp-content\/uploads\/2020\/08\/soutien_v_fr-e1596542130904.png\" alt=\"\" width=\"100\" height=\"146\" \/><br \/><\/span><\/p>\n<h2>Programme<\/h2>\n<p>Modularit\u00e9 du programme (avec un maximum de 80h), en fonction des besoins individuels et des acquis diagnostiqu\u00e9s \u00e0 l&rsquo;entr\u00e9e de la formation.<\/p>\n<h2>Inscription<\/h2>\n<div role=\"form\" class=\"wpcf7\" id=\"wpcf7-f403-o1\" lang=\"fr-FR\" dir=\"ltr\">\n<div class=\"screen-reader-response\"><\/div>\n<form action=\"\/proforma\/wp-json\/wp\/v2\/pages\/291#wpcf7-f403-o1\" method=\"post\" class=\"wpcf7-form\" novalidate=\"novalidate\">\n<div style=\"display: none;\">\n<input type=\"hidden\" name=\"_wpcf7\" value=\"403\" \/>\n<input type=\"hidden\" name=\"_wpcf7_version\" value=\"5.0.4\" \/>\n<input type=\"hidden\" name=\"_wpcf7_locale\" value=\"fr_FR\" \/>\n<input type=\"hidden\" name=\"_wpcf7_unit_tag\" value=\"wpcf7-f403-o1\" \/>\n<input type=\"hidden\" name=\"_wpcf7_container_post\" value=\"0\" \/>\n<\/div>\n<p><label> Votre nom (obligatoire)<br \/>\n    <span class=\"wpcf7-form-control-wrap your-name\"><input type=\"text\" name=\"your-name\" value=\"\" size=\"40\" class=\"wpcf7-form-control wpcf7-text wpcf7-validates-as-required\" aria-required=\"true\" aria-invalid=\"false\" \/><\/span> <\/label><\/p>\n<p><label> Votre adresse de messagerie (obligatoire)<br \/>\n    <span class=\"wpcf7-form-control-wrap your-email\"><input type=\"email\" name=\"your-email\" value=\"\" size=\"40\" class=\"wpcf7-form-control wpcf7-text wpcf7-email wpcf7-validates-as-required wpcf7-validates-as-email\" aria-required=\"true\" aria-invalid=\"false\" \/><\/span> <\/label><\/p>\n<p><label> Objet<br \/>\n    <span class=\"wpcf7-form-control-wrap your-subject\"><input type=\"text\" name=\"your-subject\" value=\"\" size=\"40\" class=\"wpcf7-form-control wpcf7-text\" aria-invalid=\"false\" \/><\/span> <\/label><\/p>\n<p><label> Votre message<br \/>\n    <span class=\"wpcf7-form-control-wrap your-message\"><textarea name=\"your-message\" cols=\"40\" rows=\"10\" class=\"wpcf7-form-control wpcf7-textarea\" aria-invalid=\"false\"><\/textarea><\/span> <\/label><\/p>\n<div class=\"wpcf7-form-control-wrap\"><div data-sitekey=\"6LdVq5gUAAAAAHgsSoe936KqWOxGmjXLWtbX7Ukf\" class=\"wpcf7-form-control g-recaptcha wpcf7-recaptcha\"><\/div>\n<noscript>\n\t<div style=\"width: 302px; height: 422px;\">\n\t\t<div style=\"width: 302px; height: 422px; position: relative;\">\n\t\t\t<div style=\"width: 302px; height: 422px; position: absolute;\">\n\t\t\t\t<iframe src=\"https:\/\/www.google.com\/recaptcha\/api\/fallback?k=6LdVq5gUAAAAAHgsSoe936KqWOxGmjXLWtbX7Ukf\" frameborder=\"0\" scrolling=\"no\" style=\"width: 302px; height:422px; border-style: none;\">\n\t\t\t\t<\/iframe>\n\t\t\t<\/div>\n\t\t\t<div style=\"width: 300px; height: 60px; border-style: none; bottom: 12px; left: 25px; margin: 0px; padding: 0px; right: 25px; background: #f9f9f9; border: 1px solid #c1c1c1; border-radius: 3px;\">\n\t\t\t\t<textarea id=\"g-recaptcha-response\" name=\"g-recaptcha-response\" class=\"g-recaptcha-response\" style=\"width: 250px; height: 40px; border: 1px solid #c1c1c1; margin: 10px 25px; padding: 0px; resize: none;\">\n\t\t\t\t<\/textarea>\n\t\t\t<\/div>\n\t\t<\/div>\n\t<\/div>\n<\/noscript>\n<\/div>\n<p><input type=\"submit\" value=\"Envoyer\" class=\"wpcf7-form-control wpcf7-submit\" \/><\/p>\n<p style=\"display: none !important;\" class=\"akismet-fields-container\" data-prefix=\"_wpcf7_ak_\"><label>&#916;<textarea name=\"_wpcf7_ak_hp_textarea\" cols=\"45\" rows=\"8\" maxlength=\"100\"><\/textarea><\/label><input type=\"hidden\" id=\"ak_js_1\" name=\"_wpcf7_ak_js\" value=\"243\"\/><script>document.getElementById( \"ak_js_1\" ).setAttribute( \"value\", ( new Date() ).getTime() );<\/script><\/p><div class=\"wpcf7-response-output wpcf7-display-none\"><\/div><\/form><\/div>","protected":false},"excerpt":{"rendered":"<p>D\u00e9couverte de la programmation Envie de d\u00e9couvrir la programmation pour une orientation \u00e9ventuelle dans ce secteur, en p\u00e9nurie? Envie de d\u00e9velopper vos savoirs informatiques dans un domaine essentiel et impactant tous les m\u00e9tiers?\u00a0 Notre module r\u00e9pond \u00e0 vos d\u00e9sid\u00e9rata. Au programme: algorithmique, langages de programmation, interpr\u00e9tation et compilation, codage en python pour la pratique, programmation &hellip; <\/p>\n<p class=\"link-more\"><a href=\"https:\/\/buzz4job.be\/proforma\/pmtic-initiation-a-linformatique\/\" class=\"more-link\">Continuer la lecture<span class=\"screen-reader-text\"> de &laquo;&nbsp;DIGISTART D\u00e9couverte de la programmation&nbsp;&raquo;<\/span><\/a><\/p>\n","protected":false},"author":1,"featured_media":0,"parent":0,"menu_order":0,"comment_status":"closed","ping_status":"closed","template":"","meta":[],"_links":{"self":[{"href":"https:\/\/buzz4job.be\/proforma\/wp-json\/wp\/v2\/pages\/291"}],"collection":[{"href":"https:\/\/buzz4job.be\/proforma\/wp-json\/wp\/v2\/pages"}],"about":[{"href":"https:\/\/buzz4job.be\/proforma\/wp-json\/wp\/v2\/types\/page"}],"author":[{"embeddable":true,"href":"https:\/\/buzz4job.be\/proforma\/wp-json\/wp\/v2\/users\/1"}],"replies":[{"embeddable":true,"href":"https:\/\/buzz4job.be\/proforma\/wp-json\/wp\/v2\/comments?post=291"}],"version-history":[{"count":18,"href":"https:\/\/buzz4job.be\/proforma\/wp-json\/wp\/v2\/pages\/291\/revisions"}],"predecessor-version":[{"id":702,"href":"https:\/\/buzz4job.be\/proforma\/wp-json\/wp\/v2\/pages\/291\/revisions\/702"}],"wp:attachment":[{"href":"https:\/\/buzz4job.be\/proforma\/wp-json\/wp\/v2\/media?parent=291"}],"curies":[{"name":"wp","href":"https:\/\/api.w.org\/{rel}","templated":true}]}}