{"id":255,"date":"2020-05-07T08:23:24","date_gmt":"2020-05-07T06:23:24","guid":{"rendered":"http:\/\/buzz4job.be\/proforma\/?page_id=255"},"modified":"2023-08-21T15:16:16","modified_gmt":"2023-08-21T13:16:16","slug":"agile-developer-full-stack-javascript","status":"publish","type":"page","link":"https:\/\/buzz4job.be\/proforma\/agile-developer-full-stack-javascript\/","title":{"rendered":"Agile Developer Full Stack Javascript"},"content":{"rendered":"<h2><strong>Objectifs<\/strong><\/h2>\n<hr \/>\n<p>La formation a pour objectif de former aux techniques du d\u00e9veloppement software full stack (front et back-end) avec le langage de programmation Javascript.<\/p>\n<p>Les entreprises recherchent une main d\u2019oeuvre qualifi\u00e9e, tant dans les comp\u00e9tences techniques, qui doivent \u00eatre en ad\u00e9quation avec leurs pratiques, que dans les savoir-\u00eatre (capacit\u00e9 \u00e0 communiquer et \u00e0 collaborer sur des projets d\u2019envergure, fiabilit\u00e9, sens des responsabilit\u00e9s, respect des d\u00e9lais, capacit\u00e9 \u00e0 s\u2019auto-former, \u2026), autant de comp\u00e9tences qui seront exerc\u00e9es par une approche p\u00e9dagogique innovante, via la m\u00e9thode Agile appliqu\u00e9e au processus d\u2019apprentissage. Si les comp\u00e9tences techniques sont essentielles, elles ne suffisent pas \u00e0 rencontrer les attentes du secteur qui exige autant de soft skills que de tech skills.<\/p>\n<p>Les apprenants auront, au terme de la formation:<\/p>\n<ul>\n<li>Une connaissance approfondie d\u2019un langage en pleine \u00e9volution, omnipr\u00e9sent dans les offres d\u2019emploi.<\/li>\n<li>Une connaissance des diff\u00e9rents contextes applicatifs modernes en maitrisant leurs contraintes et leurs interactions.<\/li>\n<li>La possibilit\u00e9 d\u2019illustrer leurs comp\u00e9tences \u00e0 l\u2019aide d\u2019applications facilement distribuables (GITHUB), un plus ind\u00e9niable dans les d\u00e9marches de recherche d\u2019emploi.<\/li>\n<li>La ma\u00eetrise de la m\u00e9thode Agile Scrum, au coeur de la formation et l\u2019acquisition des Soft Skills n\u00e9cessaires \u00e0 la pratique journali\u00e8re de celle-ci.<\/li>\n<\/ul>\n<p>La formation int\u00e8gre un module de recherche d\u2019emploi, en lien \u00e9troit avec le monde de l\u2019entreprise, notamment par le d\u00e9veloppement d\u2019un projet repr\u00e9sentatif de leurs attentes. La formation propose \u00e9galement un stage en entreprise.<\/p>\n<h2><strong>Contexte technique<\/strong><\/h2>\n<hr \/>\n<p>Le d\u00e9veloppement d\u2019applications en client l\u00e9ger (browser) connait une forte croissance et n\u00e9cessite la maitrise de nombreuses technologies et Frameworks en constante \u00e9volution. Les applications web \u00e9voluent en d\u00e9veloppant des applicatifs back-end recentr\u00e9s sur leurs priorit\u00e9s premi\u00e8res : le contr\u00f4le des donn\u00e9es, la s\u00e9curit\u00e9 et l\u2019interfa\u00e7age applicatif.<\/p>\n<p>Si le langage Javascript est omnipr\u00e9sent en front-end, son utilisation en back-end avec NodeJS permet de construire des API Rest sur les m\u00eames bases programm\u00e9es en Javascript, \u00e9vitant ainsi le d\u00e9doublement de code avec le front-end.<\/p>\n<p>Enfin, le langage Javascript permet, \u00e0 l\u2019aide des m\u00eames Frameworks (Angular, \u2026), de cr\u00e9er\u00a0des applications attractives et optimis\u00e9es \u00e0 destination d\u2019autres supports tels que les smartphones, tablettes ou desktop.<\/p>\n<h2><strong>M\u00e9thodologie<\/strong><\/h2>\n<hr \/>\n<p>Le processus d\u2019apprentissage sera men\u00e9 dans l\u2019esprit d\u2019une m\u00e9thode Agile. Chacun sera responsable de son apprentissage et de celui des autres participants. Le d\u00e9veloppement des comportements professionnels, du sens des responsabilit\u00e9s, des capacit\u00e9s d\u2019\u00e9coute, d\u2019entraide et communicationnelles, de recherche de solutions efficaces et cr\u00e9atives sont autant de savoir-\u00eatre, attendus dans le monde de l\u2019entreprise et qui seront d\u00e9velopp\u00e9s, en plus des comp\u00e9tences techniques de pointe que vise la formation. La m\u00e9thode Agile apportera flexibilit\u00e9 dans la progression d\u2019apprentissage et des contenus. La formation se veut exploiter l\u2019intelligence collective du groupe. Le formateur, Master Scrum, occupera un r\u00f4le de r\u00e9gulateur, de coach, de soutien par la mise \u00e0 disposition du mat\u00e9riel p\u00e9dagogique n\u00e9cessaire.<\/p>\n<p>Peu de cours ex-cathedra. Nous privil\u00e9gierons la m\u00e9thodologie de la classe invers\u00e9e et de la p\u00e9dagogie du projet.<\/p>\n<h2><strong>Public cible<\/strong><\/h2>\n<hr \/>\n<p>La formation s\u2019adresse aux chercheurs d\u2019emploi (H\/F\/X) qui souhaitent int\u00e9grer le secteur du d\u00e9veloppement software, ce qui implique l\u2019acquisition des comp\u00e9tences (savoir-faire et savoir-\u00eatre) attendues par celui-ci.<\/p>\n<p>Personnes motiv\u00e9es, avec une bonne logique de raisonnement, une grande capacit\u00e9 \u00e0 apprendre beaucoup de choses en un minimum de temps. Elles auront un projet professionnel coh\u00e9rent et une culture g\u00e9n\u00e9rale en informatique.<\/p>\n<p>Une premi\u00e8re exp\u00e9rience en programmation est un atout.<\/p>\n<h2><strong>Informations utiles<\/strong><\/h2>\n<hr \/>\n<ul>\n<li>du 16 mars 2020 au 27 novembre 2020 (120 jours de formation + 6 semaines de stage en entreprise).<\/li>\n<li>Les jours ouvrables de 8h30 \u00e0 17h.<\/li>\n<li>10 places disponibles.<\/li>\n<li>Inscription obligatoire \u00e0 une s\u00e9ance d\u2019information et tests \u00e9crits de s\u00e9lection.<\/li>\n<li>Remboursement des frais de d\u00e9placement.<\/li>\n<\/ul>\n<h2><strong>S\u00e9lection<\/strong><\/h2>\n<hr \/>\n<ol>\n<li>Tests \u00e9crits collectifs d&rsquo;aptitude visant \u00e0 v\u00e9rifier la logique de raisonnement: raisonnement num\u00e9rique, raisonnement verbal et raisonnement abstrait + un test de logique (dur\u00e9e : environ 2 heures).<\/li>\n<li>Apr\u00e8s r\u00e9ussite des tests \u00e9crits, entretien individuel \u00e9valuant l&rsquo;orientation et la motivation.<\/li>\n<\/ol>\n<p>La r\u00e9ussite des certifications\u00a0SoloLearn HTML Fundamentals, CSS Fundamentals, JavaScript Tutorial est un plus.<\/p>\n<h2><strong>Partenariat<\/strong><\/h2>\n<hr \/>\n<p>Cette formation est organis\u00e9e gr\u00e2ce au soutien du Digital Belgium Skills Fund.<\/p>\n<p><img decoding=\"async\" loading=\"lazy\" class=\"alignnone size-full wp-image-264\" src=\"https:\/\/buzz4job.be\/proforma\/wp-content\/uploads\/2020\/02\/Digital-Belgium.png\" alt=\"\" width=\"165\" height=\"84\" \/><\/p>\n<h2><strong>Programme de formation<\/strong><\/h2>\n<hr \/>\n<p>Formation technique (107 jours)<\/p>\n<blockquote><p><strong>D\u00e9veloppement Front-end<\/strong><\/p><\/blockquote>\n<ul>\n<li><span style=\"font-size: 1rem;\">HTML<\/span><\/li>\n<li>CSS<\/li>\n<li>Javascript<\/li>\n<li>Technologies annexes<\/li>\n<li>Pr\u00e9compilateur CSS (SCSS)<\/li>\n<li>Langage de typage (Typescript)<\/li>\n<li>Frameworks (Angular, \u2026)<\/li>\n<li>Environnement de d\u00e9veloppement et de gestion de d\u00e9pendance (NPM, Grunt, Webpack, \u2026)<\/li>\n<\/ul>\n<blockquote><p><strong>D\u00e9veloppement Back-end<\/strong><\/p><\/blockquote>\n<ul>\n<li>NodeJS et API Rest<\/li>\n<li>Bases de donn\u00e9es relationnelles (MySQL, PostgreSQL) et non SQL en Javascript (MongoDB)<\/li>\n<li>Protocole http et HTTPS<\/li>\n<li>S\u00e9curit\u00e9 dans un contexte State Less (OAuth)<\/li>\n<li>Architecture et Design Pattern<\/li>\n<li>Connaissance de Framework (Express)<\/li>\n<\/ul>\n<blockquote><p><strong>D\u00e9veloppement Mobile et Application Bureau<\/strong><\/p><\/blockquote>\n<ul>\n<li><span style=\"color: #333333; font-size: 1rem;\">Ionic permet de d\u00e9velopper des applications \u00e0 l\u2019aide d\u2019Angular et de les exporter comme de vraies applications mobiles natives.<\/span><\/li>\n<li>Electron permet de d\u00e9velopper des applications desktop portables et facilement distribuables.<\/li>\n<\/ul>\n<blockquote><p><strong>\u00a0Projet<\/strong><\/p><\/blockquote>\n<ul>\n<li>Le d\u00e9veloppement d\u2019un projet cons\u00e9quent est int\u00e9gr\u00e9 dans la formation. Il sera repr\u00e9sentatif du niveau de comp\u00e9tences attendu par le secteur et sera bien \u00e9videmment men\u00e9 en m\u00e9thode Agile.<\/li>\n<\/ul>\n<blockquote><p><strong>Recherche d\u2019emploi (10 jours)<\/strong><\/p><\/blockquote>\n<ul>\n<li>Communication<\/li>\n<li>Techniques de recherche d\u2019emploi<\/li>\n<li>CV et lettre de motivation<\/li>\n<li>Simulation d\u2019entretien<\/li>\n<li>Envoi de candidatures<\/li>\n<li>Relance t\u00e9l\u00e9phonique<\/li>\n<\/ul>\n<blockquote><p><strong>Secteur professionnel (3 jours)<\/strong><\/p><\/blockquote>\n<ul>\n<li>Rencontre avec des professionnels<\/li>\n<li>Analyse de march\u00e9 du secteur<\/li>\n<\/ul>\n<blockquote><p><strong>Stage en entreprise (6 semaines)<\/strong><\/p><\/blockquote>\n<ul>\n<li>6 semaines de stage en entreprise pour d\u00e9montrer savoir-faire et savoir-\u00eatre, tremplin pour l\u2019emploi.<\/li>\n<\/ul>\n","protected":false},"excerpt":{"rendered":"<p>Objectifs La formation a pour objectif de former aux techniques du d\u00e9veloppement software full stack (front et back-end) avec le langage de programmation Javascript. Les entreprises recherchent une main d\u2019oeuvre qualifi\u00e9e, tant dans les comp\u00e9tences techniques, qui doivent \u00eatre en ad\u00e9quation avec leurs pratiques, que dans les savoir-\u00eatre (capacit\u00e9 \u00e0 communiquer et \u00e0 collaborer sur &hellip; <\/p>\n<p class=\"link-more\"><a href=\"https:\/\/buzz4job.be\/proforma\/agile-developer-full-stack-javascript\/\" class=\"more-link\">Continuer la lecture<span class=\"screen-reader-text\"> de &laquo;&nbsp;Agile Developer Full Stack Javascript&nbsp;&raquo;<\/span><\/a><\/p>\n","protected":false},"author":1,"featured_media":0,"parent":0,"menu_order":0,"comment_status":"closed","ping_status":"closed","template":"","meta":[],"_links":{"self":[{"href":"https:\/\/buzz4job.be\/proforma\/wp-json\/wp\/v2\/pages\/255"}],"collection":[{"href":"https:\/\/buzz4job.be\/proforma\/wp-json\/wp\/v2\/pages"}],"about":[{"href":"https:\/\/buzz4job.be\/proforma\/wp-json\/wp\/v2\/types\/page"}],"author":[{"embeddable":true,"href":"https:\/\/buzz4job.be\/proforma\/wp-json\/wp\/v2\/users\/1"}],"replies":[{"embeddable":true,"href":"https:\/\/buzz4job.be\/proforma\/wp-json\/wp\/v2\/comments?post=255"}],"version-history":[{"count":11,"href":"https:\/\/buzz4job.be\/proforma\/wp-json\/wp\/v2\/pages\/255\/revisions"}],"predecessor-version":[{"id":501,"href":"https:\/\/buzz4job.be\/proforma\/wp-json\/wp\/v2\/pages\/255\/revisions\/501"}],"wp:attachment":[{"href":"https:\/\/buzz4job.be\/proforma\/wp-json\/wp\/v2\/media?parent=255"}],"curies":[{"name":"wp","href":"https:\/\/api.w.org\/{rel}","templated":true}]}}