{"id":229,"date":"2025-12-17T15:06:44","date_gmt":"2025-12-17T14:06:44","guid":{"rendered":"http:\/\/buzz4job.be\/proforma\/?page_id=229"},"modified":"2025-12-17T15:06:44","modified_gmt":"2025-12-17T14:06:44","slug":"preformation-en-programmation","status":"publish","type":"page","link":"https:\/\/buzz4job.be\/proforma\/preformation-en-programmation\/","title":{"rendered":"Pr\u00e9formation: initiation \u00e0 la programmation"},"content":{"rendered":"<h2>Objectifs<\/h2>\n<p>Cette formation s&rsquo;adresse \u00e0 des personnes qui ambitionnent d&rsquo;int\u00e9grer une formation qualifiante\/certifiante dans le secteur du d\u00e9veloppement software et qui veulent mesurer leurs go\u00fbt et aptitude pour la programmation.<\/p>\n<p>Cette formation vous permet:<br \/>\n&#8211; de tester votre go\u00fbt et vos aptitudes pour la programmation<br \/>\n&#8211; de tester diff\u00e9rentes techniques<br \/>\n&#8211; de vous confronter au secteur IT et \u00e0 ses exigences<br \/>\n&#8211; de vous orienter dans le domaine qui correspond \u00e0 vos aspirations<br \/>\n&#8211; d&rsquo;acqu\u00e9rir les comp\u00e9tences n\u00e9cessaires au bon suivi de la formation choisie<br \/>\n&#8211; d&rsquo;\u00e9tablir un plan d&rsquo;actions \u00e0 mener avant le d\u00e9marrage de celle-ci.<\/p>\n<h2>Public cible<\/h2>\n<p>Etre demandeur d\u2019emploi inoccup\u00e9 inscrit au Forem, indemnis\u00e9 ou non.<\/p>\n<p>Culture informatique de base. Bonne logique de raisonnement. Au minimum le certificat d\u2019\u00e9tudes secondaire inf\u00e9rieur.<\/p>\n<h2>Informations utiles<\/h2>\n<p>A partir du 19 janvier 2026<\/p>\n<p><strong>Inscription obligatoire \u00e0 une s\u00e9ance d\u2019information et tests de s\u00e9lection<\/strong><\/p>\n<p>Remboursement forfaitaire des frais de transport, une prime de formation professionnelle d\u2019un montant imposable de 2 Eur bruts par heure de cours suivie, une intervention forfaitaire imposable dans les frais de cr\u00e8che ou de garderie.<\/p>\n<h2>Partenariat<\/h2>\n<p>Les sessions sont organis\u00e9es par Technifutur<\/p>\n<p><img decoding=\"async\" loading=\"lazy\" class=\"alignnone size-full wp-image-235 alignright\" src=\"https:\/\/buzz4job.be\/proforma\/wp-content\/uploads\/2019\/12\/Technifutur.gif\" alt=\"\" width=\"153\" height=\"100\" \/><\/p>\n<h2>Programme de formation<\/h2>\n<p>&#8211; Accueil, dynamique de groupe (1 jour)<br \/>\n&#8211; Bilans de comp\u00e9tences (1 jour)<br \/>\n&#8211; Communication (1 jour)<br \/>\n&#8211;\u00a0Analyse du secteur IT (0.5 jour)<br \/>\n&#8211; Fili\u00e8res de\u00a0formation et secteurs de la programmation (1 jour)<br \/>\n&#8211; Rencontre\u00a0avec des professionnels de l&rsquo;IT (0.5 jour)<br \/>\n&#8211; CV et lettre de motivation (0.5)<br \/>\n&#8211; Pr\u00e9paration des\u00a0tests de s\u00e9lection (1 jour)<br \/>\n&#8211; Projet professionnel (1.5)<br \/>\n&#8211; Suivi de groupe (1 jour)<\/p>\n<p>PROGRAMME TECHNIQUE<br \/>\n&#8211;\u00a0Windows (1 jour)<br \/>\n&#8211; Veille informatique (0.5)<br \/>\n&#8211; Access (2.5 jours)<br \/>\n&#8211; Analyse et conception (0.5)<br \/>\n&#8211; SQL 2 (2 jours)<br \/>\n&#8211; Logique de programmation (7 jours)<br \/>\n&#8211; POO (0.5 jour)<br \/>\n&#8211; Java (7.5 jours)<br \/>\n&#8211; TP1 ( 3 jours)<br \/>\n&#8211; HTML et CSS ( 2 jours)<br \/>\n&#8211; Mobile (0.5 jour)<br \/>\n&#8211; Figma (1 jour)<br \/>\n&#8211; PHP (5.5 jours)<br \/>\n&#8211; MySQL (0.5 jour)<br \/>\n&#8211; TP2 (3 jours)<\/p>\n<h2>Inscription<\/h2>\n<div role=\"form\" class=\"wpcf7\" id=\"wpcf7-f407-o1\" lang=\"fr-FR\" dir=\"ltr\">\n<div class=\"screen-reader-response\"><\/div>\n<form action=\"\/proforma\/wp-json\/wp\/v2\/pages\/229#wpcf7-f407-o1\" method=\"post\" class=\"wpcf7-form\" novalidate=\"novalidate\">\n<div style=\"display: none;\">\n<input type=\"hidden\" name=\"_wpcf7\" value=\"407\" \/>\n<input type=\"hidden\" name=\"_wpcf7_version\" value=\"5.0.4\" \/>\n<input type=\"hidden\" name=\"_wpcf7_locale\" value=\"fr_FR\" \/>\n<input type=\"hidden\" name=\"_wpcf7_unit_tag\" value=\"wpcf7-f407-o1\" \/>\n<input type=\"hidden\" name=\"_wpcf7_container_post\" value=\"0\" \/>\n<\/div>\n<p><label> Votre nom (obligatoire)<br \/>\n    <span class=\"wpcf7-form-control-wrap your-name\"><input type=\"text\" name=\"your-name\" value=\"\" size=\"40\" class=\"wpcf7-form-control wpcf7-text wpcf7-validates-as-required\" aria-required=\"true\" aria-invalid=\"false\" \/><\/span> <\/label><\/p>\n<p><label> Votre adresse de messagerie (obligatoire)<br \/>\n    <span class=\"wpcf7-form-control-wrap your-email\"><input type=\"email\" name=\"your-email\" value=\"\" size=\"40\" class=\"wpcf7-form-control wpcf7-text wpcf7-email wpcf7-validates-as-required wpcf7-validates-as-email\" aria-required=\"true\" aria-invalid=\"false\" \/><\/span> <\/label><\/p>\n<p><label> Objet<br \/>\n    <span class=\"wpcf7-form-control-wrap your-subject\"><input type=\"text\" name=\"your-subject\" value=\"\" size=\"40\" class=\"wpcf7-form-control wpcf7-text\" aria-invalid=\"false\" \/><\/span> <\/label><\/p>\n<p><label> Votre message<br \/>\n    <span class=\"wpcf7-form-control-wrap your-message\"><textarea name=\"your-message\" cols=\"40\" rows=\"10\" class=\"wpcf7-form-control wpcf7-textarea\" aria-invalid=\"false\"><\/textarea><\/span> <\/label><\/p>\n<div class=\"wpcf7-form-control-wrap\"><div data-sitekey=\"6LdVq5gUAAAAAHgsSoe936KqWOxGmjXLWtbX7Ukf\" class=\"wpcf7-form-control g-recaptcha wpcf7-recaptcha\"><\/div>\n<noscript>\n\t<div style=\"width: 302px; height: 422px;\">\n\t\t<div style=\"width: 302px; height: 422px; position: relative;\">\n\t\t\t<div style=\"width: 302px; height: 422px; position: absolute;\">\n\t\t\t\t<iframe src=\"https:\/\/www.google.com\/recaptcha\/api\/fallback?k=6LdVq5gUAAAAAHgsSoe936KqWOxGmjXLWtbX7Ukf\" frameborder=\"0\" scrolling=\"no\" style=\"width: 302px; height:422px; border-style: none;\">\n\t\t\t\t<\/iframe>\n\t\t\t<\/div>\n\t\t\t<div style=\"width: 300px; height: 60px; border-style: none; bottom: 12px; left: 25px; margin: 0px; padding: 0px; right: 25px; background: #f9f9f9; border: 1px solid #c1c1c1; border-radius: 3px;\">\n\t\t\t\t<textarea id=\"g-recaptcha-response\" name=\"g-recaptcha-response\" class=\"g-recaptcha-response\" style=\"width: 250px; height: 40px; border: 1px solid #c1c1c1; margin: 10px 25px; padding: 0px; resize: none;\">\n\t\t\t\t<\/textarea>\n\t\t\t<\/div>\n\t\t<\/div>\n\t<\/div>\n<\/noscript>\n<\/div>\n<p><input type=\"submit\" value=\"Envoyer\" class=\"wpcf7-form-control wpcf7-submit\" \/><\/p>\n<p style=\"display: none !important;\" class=\"akismet-fields-container\" data-prefix=\"_wpcf7_ak_\"><label>&#916;<textarea name=\"_wpcf7_ak_hp_textarea\" cols=\"45\" rows=\"8\" maxlength=\"100\"><\/textarea><\/label><input type=\"hidden\" id=\"ak_js_1\" name=\"_wpcf7_ak_js\" value=\"3\"\/><script>document.getElementById( \"ak_js_1\" ).setAttribute( \"value\", ( new Date() ).getTime() );<\/script><\/p><div class=\"wpcf7-response-output wpcf7-display-none\"><\/div><\/form><\/div>\n","protected":false},"excerpt":{"rendered":"<p>Objectifs Cette formation s&rsquo;adresse \u00e0 des personnes qui ambitionnent d&rsquo;int\u00e9grer une formation qualifiante\/certifiante dans le secteur du d\u00e9veloppement software et qui veulent mesurer leurs go\u00fbt et aptitude pour la programmation. Cette formation vous permet: &#8211; de tester votre go\u00fbt et vos aptitudes pour la programmation &#8211; de tester diff\u00e9rentes techniques &#8211; de vous confronter au &hellip; <\/p>\n<p class=\"link-more\"><a href=\"https:\/\/buzz4job.be\/proforma\/preformation-en-programmation\/\" class=\"more-link\">Continuer la lecture<span class=\"screen-reader-text\"> de &laquo;&nbsp;Pr\u00e9formation: initiation \u00e0 la programmation&nbsp;&raquo;<\/span><\/a><\/p>\n","protected":false},"author":1,"featured_media":0,"parent":0,"menu_order":0,"comment_status":"closed","ping_status":"closed","template":"","meta":[],"_links":{"self":[{"href":"https:\/\/buzz4job.be\/proforma\/wp-json\/wp\/v2\/pages\/229"}],"collection":[{"href":"https:\/\/buzz4job.be\/proforma\/wp-json\/wp\/v2\/pages"}],"about":[{"href":"https:\/\/buzz4job.be\/proforma\/wp-json\/wp\/v2\/types\/page"}],"author":[{"embeddable":true,"href":"https:\/\/buzz4job.be\/proforma\/wp-json\/wp\/v2\/users\/1"}],"replies":[{"embeddable":true,"href":"https:\/\/buzz4job.be\/proforma\/wp-json\/wp\/v2\/comments?post=229"}],"version-history":[{"count":33,"href":"https:\/\/buzz4job.be\/proforma\/wp-json\/wp\/v2\/pages\/229\/revisions"}],"predecessor-version":[{"id":708,"href":"https:\/\/buzz4job.be\/proforma\/wp-json\/wp\/v2\/pages\/229\/revisions\/708"}],"wp:attachment":[{"href":"https:\/\/buzz4job.be\/proforma\/wp-json\/wp\/v2\/media?parent=229"}],"curies":[{"name":"wp","href":"https:\/\/api.w.org\/{rel}","templated":true}]}}