{"id":125,"date":"2021-11-09T10:01:38","date_gmt":"2021-11-09T09:01:38","guid":{"rendered":"http:\/\/buzz4job.be\/proforma\/?page_id=125"},"modified":"2021-11-09T16:49:40","modified_gmt":"2021-11-09T15:49:40","slug":"reussir-sa-recherche-demploi-sur-le-web-et-les-reseaux-sociaux","status":"publish","type":"page","link":"https:\/\/buzz4job.be\/proforma\/reussir-sa-recherche-demploi-sur-le-web-et-les-reseaux-sociaux\/","title":{"rendered":"R\u00e9ussir sa recherche d&#8217;emploi sur le Web et les r\u00e9seaux sociaux"},"content":{"rendered":"<h2>Objectifs<\/h2>\n<p>La formation propose une redynamisation de la recherche d\u2019emploi en utilisant la m\u00e9thode du Personal Branding qui applique \u00e0 celle-ci les techniques de marketing et de communication.<\/p>\n<p>L\u2019objectif du Personal Branding est de cr\u00e9er une marque personnelle valorisante et authentique en mettant en \u00e9vidence sa singularit\u00e9 pour ensuite la faire rayonner sur le Web, notamment au travers des r\u00e9seaux sociaux.<\/p>\n<p>C\u2019est une d\u00e9marche qui s\u2019inscrit r\u00e9solument dans la r\u00e9alit\u00e9 du march\u00e9 de l\u2019emploi o\u00f9 r\u00e8gne la concurrence.<\/p>\n<p>Les personnes sont amen\u00e9es, par l\u2019analyse du secteur, \u00e0 revoir leur positionnement professionnel, r\u00e9\u00e9valuer certains freins (mobilit\u00e9,&#8230;) pour se diff\u00e9rencier.<\/p>\n<p>La formation envisage les techniques de recherche d\u2019emploi, des plus classiques au plus novatrices du Web 2.0 (Blog CV, Cloud personnel pour augmenter la r\u00e9activit\u00e9 par l\u2019acc\u00e8s imm\u00e9diat des ressources CV, lettre de motivation, \u2026, flux RSS pour le suivi de l\u2019actualit\u00e9 afin d\u2019anticiper les march\u00e9s \u00e9mergents, alertes mail et sms pour avoir la primeur des offres d\u2019emploi, \u2026).<\/p>\n<p>Le projet propose stage, ateliers de recherche d\u2019emploi avec r\u00e9ajustement des pratiques en fonction des r\u00e9sultats.<\/p>\n<p>Elle pr\u00f4ne la solidarit\u00e9 et le respect de la diff\u00e9rence (profils et secteurs).<\/p>\n<p>La formation optimise l\u2019investissement des apprenants en s\u2019adaptant aux acquis.<\/p>\n<p>Elle int\u00e8gre des journ\u00e9es de travail en autonomie.<\/p>\n<h2>Profil des participants (12)<\/h2>\n<p>Etre demandeur ou demandeuse d\u2019emploi et<\/p>\n<ul>\n<li>Avoir un projet professionnel clairement d\u00e9fini et r\u00e9aliste.<\/li>\n<li>Avoir d\u00e9j\u00e0 effectu\u00e9 une recherche d\u2019emploi, sans succ\u00e8s.<\/li>\n<li>Avoir besoin de soutien dans celle-ci, tant au niveau des techniques de recherche d\u2019emploi et de l\u2019exploitation des nouveaut\u00e9s offertes par le Web 2.0 dans le domaine qu\u2019au niveau de la valorisation de son profil sur le march\u00e9 de l\u2019emploi.<\/li>\n<li>Avoir des bases en informatique\u00a0: savoir utiliser un traitement de texte, r\u00e9aliser des recherches sur Internet.<\/li>\n<\/ul>\n<p>Avoir moins de 64 ans.<\/p>\n<h2>Informations utiles<\/h2>\n<p>Dur\u00e9e de la session\u00a0:\u00a0<strong>40 jours<\/strong><\/p>\n<p>Session : <strong>Du 24 septembre au 15 d\u00e9cembre 2021\u00a0<\/strong>(stage de 3 semaines inclus)<\/p>\n<p>Une convention avec le FOREM permet aux stagiaires d\u2019obtenir un contrat F70 bis qui donne droit au remboursement forfaitaire de leurs frais de transport, une prime de formation professionnelle d\u2019un montant imposable de 1 Eur brut par heure de cours suivie, une intervention forfaitaire imposable dans les frais de cr\u00e8che ou de garderie.<\/p>\n<h2>Partenariat<\/h2>\n<p class=\"Normaldossier10-P\"><span class=\"Normaldossier10-H\">Formation organis\u00e9e en partenariat et avec le soutien de FOREM Conseil dans <\/span><span class=\"Normaldossier10-H\">le cadre de l\u2019accompagnement des ch\u00f4meurs.\u00a0<img decoding=\"async\" loading=\"lazy\" class=\"wp-image-367 size-full alignright\" src=\"https:\/\/buzz4job.be\/proforma\/wp-content\/uploads\/2021\/11\/Logo-Forem-noir2021-e1636472927825.png\" alt=\"\" width=\"148\" height=\"43\" \/><\/span><\/p>\n<p>&nbsp;<\/p>\n<h2>Programme de formation<\/h2>\n<table>\n<tbody>\n<tr>\n<th>Intitul\u00e9<\/th>\n<th>Total en jours<\/th>\n<\/tr>\n<tr>\n<td>Accueil \/ ouverture<\/td>\n<td>0,5<\/td>\n<\/tr>\n<tr>\n<td>Dynamique de groupe<\/td>\n<td>0,5<\/td>\n<\/tr>\n<tr>\n<td>Recherche d\u2019emploi Web 2.0<\/td>\n<td>1,5<\/td>\n<\/tr>\n<tr>\n<td>Strat\u00e9gie de recherche sur le Web<\/td>\n<td>0,5<\/td>\n<\/tr>\n<tr>\n<td>Windows, Word, mail<\/td>\n<td>2,5<\/td>\n<\/tr>\n<tr>\n<td>Communication appliqu\u00e9e \u00e0 la recherche d&#8217;emploi<\/td>\n<td>3,5<\/td>\n<\/tr>\n<tr>\n<td>Analyse des secteurs professionnels et du march\u00e9 de l\u2019emploi<\/td>\n<td>1,5<\/td>\n<\/tr>\n<tr>\n<td>Techniques de recherche d\u2019emploi<\/td>\n<td>3,5<\/td>\n<\/tr>\n<tr>\n<td>Ateliers de recherche d\u2019emploi et de stage<\/td>\n<td>7<\/td>\n<\/tr>\n<tr>\n<td>Bilans personnels et professionnels<\/td>\n<td>0,5<\/td>\n<\/tr>\n<tr>\n<td>Personal branding<\/td>\n<td>3<\/td>\n<\/tr>\n<tr>\n<td>Suivi de groupe<\/td>\n<td>0,5<\/td>\n<\/tr>\n<tr>\n<td>Stage<\/td>\n<td>15<\/td>\n<\/tr>\n<tr>\n<th>TOTAL :<\/th>\n<th>40 jours<\/th>\n<\/tr>\n<\/tbody>\n<\/table>\n<p>&nbsp;<\/p>\n<h2>Inscription<\/h2>\n<div role=\"form\" class=\"wpcf7\" id=\"wpcf7-f84-o1\" lang=\"fr-FR\" dir=\"ltr\">\n<div class=\"screen-reader-response\"><\/div>\n<form action=\"\/proforma\/wp-json\/wp\/v2\/pages\/125#wpcf7-f84-o1\" method=\"post\" class=\"wpcf7-form\" novalidate=\"novalidate\">\n<div style=\"display: none;\">\n<input type=\"hidden\" name=\"_wpcf7\" value=\"84\" \/>\n<input type=\"hidden\" name=\"_wpcf7_version\" value=\"5.0.4\" \/>\n<input type=\"hidden\" name=\"_wpcf7_locale\" value=\"fr_FR\" \/>\n<input type=\"hidden\" name=\"_wpcf7_unit_tag\" value=\"wpcf7-f84-o1\" \/>\n<input type=\"hidden\" name=\"_wpcf7_container_post\" value=\"0\" \/>\n<\/div>\n<p><label> Votre nom (obligatoire)<br \/>\n    <span class=\"wpcf7-form-control-wrap your-name\"><input type=\"text\" name=\"your-name\" value=\"\" size=\"40\" class=\"wpcf7-form-control wpcf7-text wpcf7-validates-as-required\" aria-required=\"true\" aria-invalid=\"false\" \/><\/span> <\/label><\/p>\n<p><label> Votre adresse de messagerie (obligatoire)<br \/>\n    <span class=\"wpcf7-form-control-wrap your-email\"><input type=\"email\" name=\"your-email\" value=\"\" size=\"40\" class=\"wpcf7-form-control wpcf7-text wpcf7-email wpcf7-validates-as-required wpcf7-validates-as-email\" aria-required=\"true\" aria-invalid=\"false\" \/><\/span> <\/label><\/p>\n<p><label> Objet<br \/>\n    <span class=\"wpcf7-form-control-wrap your-subject\"><input type=\"text\" name=\"your-subject\" value=\"\" size=\"40\" class=\"wpcf7-form-control wpcf7-text\" aria-invalid=\"false\" \/><\/span> <\/label><\/p>\n<p><label> Votre message<br \/>\n    <span class=\"wpcf7-form-control-wrap your-message\"><textarea name=\"your-message\" cols=\"40\" rows=\"10\" class=\"wpcf7-form-control wpcf7-textarea\" aria-invalid=\"false\"><\/textarea><\/span> <\/label><\/p>\n<div class=\"wpcf7-form-control-wrap\"><div data-sitekey=\"6LdVq5gUAAAAAHgsSoe936KqWOxGmjXLWtbX7Ukf\" class=\"wpcf7-form-control g-recaptcha wpcf7-recaptcha\"><\/div>\n<noscript>\n\t<div style=\"width: 302px; height: 422px;\">\n\t\t<div style=\"width: 302px; height: 422px; position: relative;\">\n\t\t\t<div style=\"width: 302px; height: 422px; position: absolute;\">\n\t\t\t\t<iframe src=\"https:\/\/www.google.com\/recaptcha\/api\/fallback?k=6LdVq5gUAAAAAHgsSoe936KqWOxGmjXLWtbX7Ukf\" frameborder=\"0\" scrolling=\"no\" style=\"width: 302px; height:422px; border-style: none;\">\n\t\t\t\t<\/iframe>\n\t\t\t<\/div>\n\t\t\t<div style=\"width: 300px; height: 60px; border-style: none; bottom: 12px; left: 25px; margin: 0px; padding: 0px; right: 25px; background: #f9f9f9; border: 1px solid #c1c1c1; border-radius: 3px;\">\n\t\t\t\t<textarea id=\"g-recaptcha-response\" name=\"g-recaptcha-response\" class=\"g-recaptcha-response\" style=\"width: 250px; height: 40px; border: 1px solid #c1c1c1; margin: 10px 25px; padding: 0px; resize: none;\">\n\t\t\t\t<\/textarea>\n\t\t\t<\/div>\n\t\t<\/div>\n\t<\/div>\n<\/noscript>\n<\/div>\n<p><input type=\"submit\" value=\"Envoyer\" class=\"wpcf7-form-control wpcf7-submit\" \/><\/p>\n<p style=\"display: none !important;\" class=\"akismet-fields-container\" data-prefix=\"_wpcf7_ak_\"><label>&#916;<textarea name=\"_wpcf7_ak_hp_textarea\" cols=\"45\" rows=\"8\" maxlength=\"100\"><\/textarea><\/label><input type=\"hidden\" id=\"ak_js_1\" name=\"_wpcf7_ak_js\" value=\"203\"\/><script>document.getElementById( \"ak_js_1\" ).setAttribute( \"value\", ( new Date() ).getTime() );<\/script><\/p><div class=\"wpcf7-response-output wpcf7-display-none\"><\/div><\/form><\/div>\n","protected":false},"excerpt":{"rendered":"<p>Objectifs La formation propose une redynamisation de la recherche d\u2019emploi en utilisant la m\u00e9thode du Personal Branding qui applique \u00e0 celle-ci les techniques de marketing et de communication. L\u2019objectif du Personal Branding est de cr\u00e9er une marque personnelle valorisante et authentique en mettant en \u00e9vidence sa singularit\u00e9 pour ensuite la faire rayonner sur le Web, &hellip; <\/p>\n<p class=\"link-more\"><a href=\"https:\/\/buzz4job.be\/proforma\/reussir-sa-recherche-demploi-sur-le-web-et-les-reseaux-sociaux\/\" class=\"more-link\">Continuer la lecture<span class=\"screen-reader-text\"> de &laquo;&nbsp;R\u00e9ussir sa recherche d&#8217;emploi sur le Web et les r\u00e9seaux sociaux&nbsp;&raquo;<\/span><\/a><\/p>\n","protected":false},"author":1,"featured_media":0,"parent":0,"menu_order":0,"comment_status":"closed","ping_status":"closed","template":"","meta":[],"_links":{"self":[{"href":"https:\/\/buzz4job.be\/proforma\/wp-json\/wp\/v2\/pages\/125"}],"collection":[{"href":"https:\/\/buzz4job.be\/proforma\/wp-json\/wp\/v2\/pages"}],"about":[{"href":"https:\/\/buzz4job.be\/proforma\/wp-json\/wp\/v2\/types\/page"}],"author":[{"embeddable":true,"href":"https:\/\/buzz4job.be\/proforma\/wp-json\/wp\/v2\/users\/1"}],"replies":[{"embeddable":true,"href":"https:\/\/buzz4job.be\/proforma\/wp-json\/wp\/v2\/comments?post=125"}],"version-history":[{"count":15,"href":"https:\/\/buzz4job.be\/proforma\/wp-json\/wp\/v2\/pages\/125\/revisions"}],"predecessor-version":[{"id":368,"href":"https:\/\/buzz4job.be\/proforma\/wp-json\/wp\/v2\/pages\/125\/revisions\/368"}],"wp:attachment":[{"href":"https:\/\/buzz4job.be\/proforma\/wp-json\/wp\/v2\/media?parent=125"}],"curies":[{"name":"wp","href":"https:\/\/api.w.org\/{rel}","templated":true}]}}